{"id":1063,"date":"2022-11-18T17:46:41","date_gmt":"2022-11-18T17:46:41","guid":{"rendered":"https:\/\/shop.fincavrij.nl\/?post_type=product&#038;p=1063"},"modified":"2025-11-04T15:31:26","modified_gmt":"2025-11-04T15:31:26","slug":"selfic-clip-voor-emr-voor-laptop-of-computer","status":"publish","type":"product","link":"https:\/\/shop.fincavrij.nl\/en\/product\/selfic-clip-voor-emr-voor-laptop-of-computer\/","title":{"rendered":"Selfic clip EMR (voor laptop of computer)"},"content":{"rendered":"<p>[et_pb_section fb_built=&#8221;1&#8243; _builder_version=&#8221;4.16&#8243; custom_padding=&#8221;0px||||false|false&#8221; global_colors_info=&#8221;{}&#8221;][et_pb_row _builder_version=&#8221;4.16&#8243; background_size=&#8221;initial&#8221; background_position=&#8221;top_left&#8221; background_repeat=&#8221;repeat&#8221; width=&#8221;100%&#8221; custom_padding=&#8221;0px||0px||false|false&#8221; global_colors_info=&#8221;{}&#8221;][et_pb_column type=&#8221;4_4&#8243; _builder_version=&#8221;4.16&#8243; custom_padding=&#8221;|||&#8221; global_colors_info=&#8221;{}&#8221; custom_padding__hover=&#8221;|||&#8221;][et_pb_wc_breadcrumb _builder_version=&#8221;4.16&#8243; global_colors_info=&#8221;{}&#8221;][\/et_pb_wc_breadcrumb][et_pb_wc_cart_notice _builder_version=&#8221;4.16&#8243; global_colors_info=&#8221;{}&#8221;][\/et_pb_wc_cart_notice][\/et_pb_column][\/et_pb_row][et_pb_row _builder_version=&#8221;4.16&#8243; background_size=&#8221;initial&#8221; background_position=&#8221;top_left&#8221; background_repeat=&#8221;repeat&#8221; width=&#8221;100%&#8221; custom_padding=&#8221;0px||||false|false&#8221; global_colors_info=&#8221;{}&#8221; column_structure=&#8221;1_2,1_2&#8243;][et_pb_column type=&#8221;1_2&#8243; _builder_version=&#8221;4.16&#8243; custom_padding=&#8221;|||&#8221; global_colors_info=&#8221;{}&#8221; custom_padding__hover=&#8221;|||&#8221;][et_pb_wc_images _builder_version=&#8221;4.16&#8243; global_colors_info=&#8221;{}&#8221;][\/et_pb_wc_images][\/et_pb_column][et_pb_column type=&#8221;1_2&#8243; _builder_version=&#8221;4.16&#8243; custom_padding=&#8221;|||&#8221; global_colors_info=&#8221;{}&#8221; custom_padding__hover=&#8221;|||&#8221;][et_pb_wc_title _builder_version=&#8221;4.16&#8243; global_colors_info=&#8221;{}&#8221;][\/et_pb_wc_title][et_pb_wc_rating _builder_version=&#8221;4.16&#8243; global_colors_info=&#8221;{}&#8221;][\/et_pb_wc_rating][et_pb_wc_price _builder_version=&#8221;4.16&#8243; global_colors_info=&#8221;{}&#8221;][\/et_pb_wc_price][et_pb_wc_description _builder_version=&#8221;4.16&#8243; global_colors_info=&#8221;{}&#8221;][\/et_pb_wc_description][et_pb_wc_add_to_cart _builder_version=&#8221;4.16&#8243; global_colors_info=&#8221;{}&#8221;][\/et_pb_wc_add_to_cart][et_pb_wc_meta _builder_version=&#8221;4.16&#8243; global_colors_info=&#8221;{}&#8221;][\/et_pb_wc_meta][et_pb_text _builder_version=&#8221;4.21.0&#8243; _module_preset=&#8221;default&#8221; hover_enabled=&#8221;0&#8243; sticky_enabled=&#8221;0&#8243;]<\/p>\n<p>Dit product is te bestellen door op de knop BESTELLEN te klikken.<\/p>\n<p>[\/et_pb_text][et_pb_button _builder_version=&#8221;4.21.0&#8243; _module_preset=&#8221;default&#8221; button_url=&#8221;https:\/\/sel-et.com?ref=7143&#8243; button_text=&#8221;BESTELLEN&#8221; hover_enabled=&#8221;0&#8243; sticky_enabled=&#8221;0&#8243;][\/et_pb_button][\/et_pb_column][\/et_pb_row][et_pb_row _builder_version=&#8221;4.16&#8243; background_size=&#8221;initial&#8221; background_position=&#8221;top_left&#8221; background_repeat=&#8221;repeat&#8221; width=&#8221;100%&#8221; global_colors_info=&#8221;{}&#8221;][et_pb_column type=&#8221;4_4&#8243; _builder_version=&#8221;4.16&#8243; custom_padding=&#8221;|||&#8221; global_colors_info=&#8221;{}&#8221; custom_padding__hover=&#8221;|||&#8221;][et_pb_wc_tabs _builder_version=&#8221;4.16&#8243; global_colors_info=&#8221;{}&#8221;]\t\t\t\t\t[\/et_pb_wc_tabs][et_pb_wc_upsells _builder_version=&#8221;4.16&#8243; global_colors_info=&#8221;{}&#8221;][\/et_pb_wc_upsells][et_pb_wc_related_products _builder_version=&#8221;4.16&#8243; global_colors_info=&#8221;{}&#8221;][\/et_pb_wc_related_products][\/et_pb_column][\/et_pb_row][\/et_pb_section]<\/p>","protected":false},"excerpt":{"rendered":"<p>Dit product is te bestellen door op de knop BESTELLEN te klikken.<\/p>","protected":false},"featured_media":1117,"template":"","meta":{"_et_pb_use_builder":"on","_et_pb_old_content":"Deze selfic clip voor EMR (laptop of computer) is gecre\u00eberd na lang onderzoek en zal een fundamenteel accessoire worden. Het zit geclipt aan \u00e9\u00e9n kant van je scherm. Het zorgt ervoor dat de Electro Magnetische Frequenties uitgestoten door je computer niet opbouwen in je lichaam. Bovendien moduleert deze selfic clip het uitstralingsveld en cre\u00ebert een beschermende laag voor je ogen, zodat deze niet zo moe worden.\r\nDe clip is er in twee modellen, een voor laptops en een voor vaste computers.","_et_gb_content_width":""},"product_brand":[],"product_cat":[15,228],"product_tag":[169,171,167,139,170,168,172,133,140],"class_list":{"0":"post-1063","1":"product","2":"type-product","3":"status-publish","4":"has-post-thumbnail","6":"product_cat-default","7":"product_cat-selficas-voor-ruimtes","8":"product_tag-accessoire","9":"product_tag-bescherming","10":"product_tag-computer","11":"product_tag-emr","12":"product_tag-frequentie","13":"product_tag-laptop","14":"product_tag-protection","15":"product_tag-selfica","16":"product_tag-straling","17":"product_shipping_class-nl-brievenbusformaat","19":"first","20":"outofstock","21":"taxable","22":"shipping-taxable","23":"purchasable","24":"product-type-simple"},"yoast_head":"<!-- This site is optimized with the Yoast SEO plugin v20.13 - https:\/\/yoast.com\/wordpress\/plugins\/seo\/ -->\n<title>Selfic clip EMR (voor laptop of computer) - Fincavrij Shop<\/title>\n<meta name=\"description\" content=\"Deze selfic clip voor EMR zorgt ervoor dat de Electro Magnetische Frequenties uitgestoten door je computer niet opgebouwd worden in je lichaam\" \/>\n<meta name=\"robots\" content=\"index, follow, max-snippet:-1, max-image-preview:large, max-video-preview:-1\" \/>\n<link rel=\"canonical\" href=\"https:\/\/shop.fincavrij.nl\/en\/product\/selfic-clip-voor-emr-voor-laptop-of-computer\/\" \/>\n<meta property=\"og:locale\" content=\"en_US\" \/>\n<meta property=\"og:type\" content=\"article\" \/>\n<meta property=\"og:title\" content=\"Selfic clip EMR (voor laptop of computer) - Fincavrij Shop\" \/>\n<meta property=\"og:description\" content=\"Deze selfic clip voor EMR zorgt ervoor dat de Electro Magnetische Frequenties uitgestoten door je computer niet opgebouwd worden in je lichaam\" \/>\n<meta property=\"og:url\" content=\"https:\/\/shop.fincavrij.nl\/en\/product\/selfic-clip-voor-emr-voor-laptop-of-computer\/\" \/>\n<meta property=\"og:site_name\" content=\"Fincavrij Shop\" \/>\n<meta property=\"article:modified_time\" content=\"2025-11-04T15:31:26+00:00\" \/>\n<meta property=\"og:image\" content=\"https:\/\/shop.fincavrij.nl\/wp-content\/uploads\/Selfica-Computer-clip-1.gif\" \/>\n\t<meta property=\"og:image:width\" content=\"415\" \/>\n\t<meta property=\"og:image:height\" content=\"633\" \/>\n\t<meta property=\"og:image:type\" content=\"image\/gif\" \/>\n<meta name=\"twitter:card\" content=\"summary_large_image\" \/>\n<meta name=\"twitter:label1\" content=\"Est. reading time\" \/>\n\t<meta name=\"twitter:data1\" content=\"1 minute\" \/>\n<script type=\"application\/ld+json\" class=\"yoast-schema-graph\">{\"@context\":\"https:\/\/schema.org\",\"@graph\":[{\"@type\":\"WebPage\",\"@id\":\"https:\/\/shop.fincavrij.nl\/product\/selfic-clip-voor-emr-voor-laptop-of-computer\/\",\"url\":\"https:\/\/shop.fincavrij.nl\/product\/selfic-clip-voor-emr-voor-laptop-of-computer\/\",\"name\":\"Selfic clip EMR (voor laptop of computer) - Fincavrij Shop\",\"isPartOf\":{\"@id\":\"https:\/\/shop.fincavrij.nl\/#website\"},\"datePublished\":\"2022-11-18T17:46:41+00:00\",\"dateModified\":\"2025-11-04T15:31:26+00:00\",\"description\":\"Deze selfic clip voor EMR zorgt ervoor dat de Electro Magnetische Frequenties uitgestoten door je computer niet opgebouwd worden in je lichaam\",\"breadcrumb\":{\"@id\":\"https:\/\/shop.fincavrij.nl\/product\/selfic-clip-voor-emr-voor-laptop-of-computer\/#breadcrumb\"},\"inLanguage\":\"en-US\",\"potentialAction\":[{\"@type\":\"ReadAction\",\"target\":[\"https:\/\/shop.fincavrij.nl\/product\/selfic-clip-voor-emr-voor-laptop-of-computer\/\"]}]},{\"@type\":\"BreadcrumbList\",\"@id\":\"https:\/\/shop.fincavrij.nl\/product\/selfic-clip-voor-emr-voor-laptop-of-computer\/#breadcrumb\",\"itemListElement\":[{\"@type\":\"ListItem\",\"position\":1,\"name\":\"Home\",\"item\":\"https:\/\/shop.fincavrij.nl\/\"},{\"@type\":\"ListItem\",\"position\":2,\"name\":\"Winkel\",\"item\":\"https:\/\/shop.fincavrij.nl\/\"},{\"@type\":\"ListItem\",\"position\":3,\"name\":\"Selfic clip EMR (voor laptop of computer)\"}]},{\"@type\":\"WebSite\",\"@id\":\"https:\/\/shop.fincavrij.nl\/#website\",\"url\":\"https:\/\/shop.fincavrij.nl\/\",\"name\":\"Fincavrij Shop\",\"description\":\"kleding, retreats, en overige producten\",\"potentialAction\":[{\"@type\":\"SearchAction\",\"target\":{\"@type\":\"EntryPoint\",\"urlTemplate\":\"https:\/\/shop.fincavrij.nl\/?s={search_term_string}\"},\"query-input\":\"required name=search_term_string\"}],\"inLanguage\":\"en-US\"}]}<\/script>\n<!-- \/ Yoast SEO plugin. -->","yoast_head_json":{"title":"Selfic clip EMR (voor laptop of computer) - Fincavrij Shop","description":"Deze selfic clip voor EMR zorgt ervoor dat de Electro Magnetische Frequenties uitgestoten door je computer niet opgebouwd worden in je lichaam","robots":{"index":"index","follow":"follow","max-snippet":"max-snippet:-1","max-image-preview":"max-image-preview:large","max-video-preview":"max-video-preview:-1"},"canonical":"https:\/\/shop.fincavrij.nl\/en\/product\/selfic-clip-voor-emr-voor-laptop-of-computer\/","og_locale":"en_US","og_type":"article","og_title":"Selfic clip EMR (voor laptop of computer) - Fincavrij Shop","og_description":"Deze selfic clip voor EMR zorgt ervoor dat de Electro Magnetische Frequenties uitgestoten door je computer niet opgebouwd worden in je lichaam","og_url":"https:\/\/shop.fincavrij.nl\/en\/product\/selfic-clip-voor-emr-voor-laptop-of-computer\/","og_site_name":"Fincavrij Shop","article_modified_time":"2025-11-04T15:31:26+00:00","og_image":[{"width":415,"height":633,"url":"https:\/\/shop.fincavrij.nl\/wp-content\/uploads\/Selfica-Computer-clip-1.gif","type":"image\/gif"}],"twitter_card":"summary_large_image","twitter_misc":{"Est. reading time":"1 minute"},"schema":{"@context":"https:\/\/schema.org","@graph":[{"@type":"WebPage","@id":"https:\/\/shop.fincavrij.nl\/product\/selfic-clip-voor-emr-voor-laptop-of-computer\/","url":"https:\/\/shop.fincavrij.nl\/product\/selfic-clip-voor-emr-voor-laptop-of-computer\/","name":"Selfic clip EMR (voor laptop of computer) - Fincavrij Shop","isPartOf":{"@id":"https:\/\/shop.fincavrij.nl\/#website"},"datePublished":"2022-11-18T17:46:41+00:00","dateModified":"2025-11-04T15:31:26+00:00","description":"Deze selfic clip voor EMR zorgt ervoor dat de Electro Magnetische Frequenties uitgestoten door je computer niet opgebouwd worden in je lichaam","breadcrumb":{"@id":"https:\/\/shop.fincavrij.nl\/product\/selfic-clip-voor-emr-voor-laptop-of-computer\/#breadcrumb"},"inLanguage":"en-US","potentialAction":[{"@type":"ReadAction","target":["https:\/\/shop.fincavrij.nl\/product\/selfic-clip-voor-emr-voor-laptop-of-computer\/"]}]},{"@type":"BreadcrumbList","@id":"https:\/\/shop.fincavrij.nl\/product\/selfic-clip-voor-emr-voor-laptop-of-computer\/#breadcrumb","itemListElement":[{"@type":"ListItem","position":1,"name":"Home","item":"https:\/\/shop.fincavrij.nl\/"},{"@type":"ListItem","position":2,"name":"Winkel","item":"https:\/\/shop.fincavrij.nl\/"},{"@type":"ListItem","position":3,"name":"Selfic clip EMR (voor laptop of computer)"}]},{"@type":"WebSite","@id":"https:\/\/shop.fincavrij.nl\/#website","url":"https:\/\/shop.fincavrij.nl\/","name":"Fincavrij Shop","description":"kleding, retreats, en overige producten","potentialAction":[{"@type":"SearchAction","target":{"@type":"EntryPoint","urlTemplate":"https:\/\/shop.fincavrij.nl\/?s={search_term_string}"},"query-input":"required name=search_term_string"}],"inLanguage":"en-US"}]}},"_links":{"self":[{"href":"https:\/\/shop.fincavrij.nl\/en\/wp-json\/wp\/v2\/product\/1063","targetHints":{"allow":["GET"]}}],"collection":[{"href":"https:\/\/shop.fincavrij.nl\/en\/wp-json\/wp\/v2\/product"}],"about":[{"href":"https:\/\/shop.fincavrij.nl\/en\/wp-json\/wp\/v2\/types\/product"}],"wp:featuredmedia":[{"embeddable":true,"href":"https:\/\/shop.fincavrij.nl\/en\/wp-json\/wp\/v2\/media\/1117"}],"wp:attachment":[{"href":"https:\/\/shop.fincavrij.nl\/en\/wp-json\/wp\/v2\/media?parent=1063"}],"wp:term":[{"taxonomy":"product_brand","embeddable":true,"href":"https:\/\/shop.fincavrij.nl\/en\/wp-json\/wp\/v2\/product_brand?post=1063"},{"taxonomy":"product_cat","embeddable":true,"href":"https:\/\/shop.fincavrij.nl\/en\/wp-json\/wp\/v2\/product_cat?post=1063"},{"taxonomy":"product_tag","embeddable":true,"href":"https:\/\/shop.fincavrij.nl\/en\/wp-json\/wp\/v2\/product_tag?post=1063"}],"curies":[{"name":"wp","href":"https:\/\/api.w.org\/{rel}","templated":true}]}}