{"id":685,"date":"2022-09-11T10:16:47","date_gmt":"2022-09-11T10:16:47","guid":{"rendered":"https:\/\/shop.fincavrij.nl\/?page_id=685"},"modified":"2023-02-28T14:17:34","modified_gmt":"2023-02-28T14:17:34","slug":"draagbaar","status":"publish","type":"page","link":"https:\/\/shop.fincavrij.nl\/en\/selfica\/draagbaar\/","title":{"rendered":"Selficas &#8211; draagbaar"},"content":{"rendered":"<p>[et_pb_section fb_built=&#8221;1&#8243; fullwidth=&#8221;on&#8221; _builder_version=&#8221;4.16&#8243; _module_preset=&#8221;default&#8221; global_colors_info=&#8221;{}&#8221;][et_pb_fullwidth_image src=&#8221;https:\/\/shop.fincavrij.nl\/wp-content\/uploads\/Header-Selet-Wearable-2.jpg&#8221; alt=&#8221;header image shop&#8221; title_text=&#8221;Header Selet Wearable 2&#8243; _builder_version=&#8221;4.18.0&#8243; _module_preset=&#8221;default&#8221; custom_padding=&#8221;||18px|||&#8221; global_colors_info=&#8221;{}&#8221;][\/et_pb_fullwidth_image][\/et_pb_section][et_pb_section fb_built=&#8221;1&#8243; _builder_version=&#8221;4.16&#8243; _module_preset=&#8221;default&#8221; global_colors_info=&#8221;{}&#8221;][et_pb_row _builder_version=&#8221;4.16&#8243; _module_preset=&#8221;default&#8221; module_alignment=&#8221;center&#8221; custom_padding=&#8221;8px||13px|||&#8221; global_colors_info=&#8221;{}&#8221;][et_pb_column type=&#8221;4_4&#8243; _builder_version=&#8221;4.16&#8243; _module_preset=&#8221;default&#8221; global_colors_info=&#8221;{}&#8221;][et_pb_post_title meta=&#8221;off&#8221; featured_image=&#8221;off&#8221; _builder_version=&#8221;4.16&#8243; _module_preset=&#8221;default&#8221; title_font_size=&#8221;40px&#8221; text_orientation=&#8221;center&#8221; global_colors_info=&#8221;{}&#8221;][\/et_pb_post_title][\/et_pb_column][\/et_pb_row][et_pb_row _builder_version=&#8221;4.16&#8243; _module_preset=&#8221;default&#8221; custom_margin=&#8221;-13px|auto||auto||&#8221; custom_padding=&#8221;13px|||||&#8221; global_colors_info=&#8221;{}&#8221;][et_pb_column type=&#8221;4_4&#8243; _builder_version=&#8221;4.16&#8243; _module_preset=&#8221;default&#8221; global_colors_info=&#8221;{}&#8221;][et_pb_shop type=&#8221;product_category&#8221; posts_number=&#8221;36&#8243; include_categories=&#8221;226&#8243; _builder_version=&#8221;4.18.0&#8243; _module_preset=&#8221;default&#8221; title_font=&#8221;Open Sans|500|||||||&#8221; title_font_size=&#8221;16px&#8221; price_font=&#8221;Open Sans|700|||||||&#8221; price_text_color=&#8221;#000000&#8243; price_font_size=&#8221;15px&#8221; global_colors_info=&#8221;{}&#8221;][\/et_pb_shop][\/et_pb_column][\/et_pb_row][et_pb_row _builder_version=&#8221;4.19.5&#8243; _module_preset=&#8221;default&#8221; global_colors_info=&#8221;{}&#8221;][et_pb_column type=&#8221;4_4&#8243; _builder_version=&#8221;4.19.5&#8243; _module_preset=&#8221;default&#8221; global_colors_info=&#8221;{}&#8221;][et_pb_text _builder_version=&#8221;4.19.5&#8243; _module_preset=&#8221;default&#8221; global_colors_info=&#8221;{}&#8221;]<\/p>\n<p style=\"text-align: center;\">Selfica is een spirituele technologie gecre\u00eberd om het menselijk potentieel en de verbinding met Synchroniciteit te vergroten.<br \/>Door Selficas is het mogelijk om apparaten te maken gebaseerd op de vorm van het spiraal en het gebruik van specifieke metalen, kleuren, inkten en mineralen die kunnen fungeren als geleider voor \u201cintelligente\u201d energie\u00ebn, die kunnen helpen als een soort tussenpersoon voor verschillende lagen van bestaan.<br \/><span style=\"font-size: 15px;\">In Damanhur is Selfica her-ontdekt door de founder, Falco Tarassaco, ondersteund door het Selet team in Itali\u00eb. Selet is het laboratorium waar selfic instrumenten worden gecre\u00eberd. Ze worden met de hand gemaakt door mensen die jarenlang getraind zijn om met deze speciale energie\u00ebn te verbinden.<br \/><\/span><span style=\"font-size: 15px;\">In een mythische vorm is dit wat oude wijze tradities ons vertellen om dingen en afbeeldingen te gebruiken om te verbinden met de levende energie\u00ebn van de cosmos. Het verbindt ons met de levensenergie van de natuur om onze vitaliteit en welzijn te vergroten en met de energie van de cosmos om synchroniciteit in ons leven te vergroten en om onze mogelijkheid om onze interactie met de energie\u00ebn van het Bewuste Universum waarin we leven te versterken.<\/span><\/p>\n<p style=\"text-align: center;\">Er zijn verschillende soorten Selficas; er zijn draagbare selficas zoals armbanden, selficas voor ruimtes, voor dromen, om te verbinden met de vitale energie van de natuur, voor kinderen en voor healing.<\/p>\n<h1 style=\"text-align: center;\"><span style=\"color: #447537; font-family: 'Open Sans'; font-weight: normal; font-size: medium;\">Bestellingen plaats je via de webshop. Wil je ze liever persoonlijk zien en ophalen, stuur dan een mail naar <a href=\"mailto:shop@fincavrij.nl\" style=\"color: #447537;\">shop@fincavrij.nl<\/a>. Wij bellen je dan op voor het maken van een afspraak<\/span><\/h1>\n<p>[\/et_pb_text][\/et_pb_column][\/et_pb_row][\/et_pb_section]<\/p>","protected":false},"excerpt":{"rendered":"<p>Selfica is een spirituele technologie gecre\u00eberd om het menselijk potentieel en de verbinding met Synchroniciteit te vergroten.Door Selficas is het mogelijk om apparaten te maken gebaseerd op de vorm van het spiraal en het gebruik van specifieke metalen, kleuren, inkten en mineralen die kunnen fungeren als geleider voor \u201cintelligente\u201d energie\u00ebn, die kunnen helpen als een [&hellip;]<\/p>","protected":false},"author":3,"featured_media":0,"parent":549,"menu_order":0,"comment_status":"closed","ping_status":"closed","template":"","meta":{"_et_pb_use_builder":"on","_et_pb_old_content":"","_et_gb_content_width":"","footnotes":""},"class_list":["post-685","page","type-page","status-publish","hentry"],"yoast_head":"<!-- This site is optimized with the Yoast SEO plugin v20.13 - https:\/\/yoast.com\/wordpress\/plugins\/seo\/ -->\n<title>Selficas - draagbaar - Fincavrij Shop<\/title>\n<meta name=\"robots\" content=\"index, follow, max-snippet:-1, max-image-preview:large, max-video-preview:-1\" \/>\n<link rel=\"canonical\" href=\"https:\/\/shop.fincavrij.nl\/en\/selfica\/draagbaar\/\" \/>\n<meta property=\"og:locale\" content=\"en_US\" \/>\n<meta property=\"og:type\" content=\"article\" \/>\n<meta property=\"og:title\" content=\"Selficas - draagbaar - Fincavrij Shop\" \/>\n<meta property=\"og:description\" content=\"Selfica is een spirituele technologie gecre\u00eberd om het menselijk potentieel en de verbinding met Synchroniciteit te vergroten.Door Selficas is het mogelijk om apparaten te maken gebaseerd op de vorm van het spiraal en het gebruik van specifieke metalen, kleuren, inkten en mineralen die kunnen fungeren als geleider voor \u201cintelligente\u201d energie\u00ebn, die kunnen helpen als een [&hellip;]\" \/>\n<meta property=\"og:url\" content=\"https:\/\/shop.fincavrij.nl\/en\/selfica\/draagbaar\/\" \/>\n<meta property=\"og:site_name\" content=\"Fincavrij Shop\" \/>\n<meta property=\"article:modified_time\" content=\"2023-02-28T14:17:34+00:00\" \/>\n<meta name=\"twitter:card\" content=\"summary_large_image\" \/>\n<script type=\"application\/ld+json\" class=\"yoast-schema-graph\">{\"@context\":\"https:\/\/schema.org\",\"@graph\":[{\"@type\":\"WebPage\",\"@id\":\"https:\/\/shop.fincavrij.nl\/selfica\/draagbaar\/\",\"url\":\"https:\/\/shop.fincavrij.nl\/selfica\/draagbaar\/\",\"name\":\"Selficas - draagbaar - Fincavrij Shop\",\"isPartOf\":{\"@id\":\"https:\/\/shop.fincavrij.nl\/#website\"},\"datePublished\":\"2022-09-11T10:16:47+00:00\",\"dateModified\":\"2023-02-28T14:17:34+00:00\",\"breadcrumb\":{\"@id\":\"https:\/\/shop.fincavrij.nl\/selfica\/draagbaar\/#breadcrumb\"},\"inLanguage\":\"en-US\",\"potentialAction\":[{\"@type\":\"ReadAction\",\"target\":[\"https:\/\/shop.fincavrij.nl\/selfica\/draagbaar\/\"]}]},{\"@type\":\"BreadcrumbList\",\"@id\":\"https:\/\/shop.fincavrij.nl\/selfica\/draagbaar\/#breadcrumb\",\"itemListElement\":[{\"@type\":\"ListItem\",\"position\":1,\"name\":\"Home\",\"item\":\"https:\/\/shop.fincavrij.nl\/\"},{\"@type\":\"ListItem\",\"position\":2,\"name\":\"Selfica\",\"item\":\"https:\/\/shop.fincavrij.nl\/selfica\/\"},{\"@type\":\"ListItem\",\"position\":3,\"name\":\"Selficas &#8211; draagbaar\"}]},{\"@type\":\"WebSite\",\"@id\":\"https:\/\/shop.fincavrij.nl\/#website\",\"url\":\"https:\/\/shop.fincavrij.nl\/\",\"name\":\"Fincavrij Shop\",\"description\":\"kleding, retreats, en overige producten\",\"potentialAction\":[{\"@type\":\"SearchAction\",\"target\":{\"@type\":\"EntryPoint\",\"urlTemplate\":\"https:\/\/shop.fincavrij.nl\/?s={search_term_string}\"},\"query-input\":\"required name=search_term_string\"}],\"inLanguage\":\"en-US\"}]}<\/script>\n<!-- \/ Yoast SEO plugin. -->","yoast_head_json":{"title":"Selficas - draagbaar - Fincavrij Shop","robots":{"index":"index","follow":"follow","max-snippet":"max-snippet:-1","max-image-preview":"max-image-preview:large","max-video-preview":"max-video-preview:-1"},"canonical":"https:\/\/shop.fincavrij.nl\/en\/selfica\/draagbaar\/","og_locale":"en_US","og_type":"article","og_title":"Selficas - draagbaar - Fincavrij Shop","og_description":"Selfica is een spirituele technologie gecre\u00eberd om het menselijk potentieel en de verbinding met Synchroniciteit te vergroten.Door Selficas is het mogelijk om apparaten te maken gebaseerd op de vorm van het spiraal en het gebruik van specifieke metalen, kleuren, inkten en mineralen die kunnen fungeren als geleider voor \u201cintelligente\u201d energie\u00ebn, die kunnen helpen als een [&hellip;]","og_url":"https:\/\/shop.fincavrij.nl\/en\/selfica\/draagbaar\/","og_site_name":"Fincavrij Shop","article_modified_time":"2023-02-28T14:17:34+00:00","twitter_card":"summary_large_image","schema":{"@context":"https:\/\/schema.org","@graph":[{"@type":"WebPage","@id":"https:\/\/shop.fincavrij.nl\/selfica\/draagbaar\/","url":"https:\/\/shop.fincavrij.nl\/selfica\/draagbaar\/","name":"Selficas - draagbaar - Fincavrij Shop","isPartOf":{"@id":"https:\/\/shop.fincavrij.nl\/#website"},"datePublished":"2022-09-11T10:16:47+00:00","dateModified":"2023-02-28T14:17:34+00:00","breadcrumb":{"@id":"https:\/\/shop.fincavrij.nl\/selfica\/draagbaar\/#breadcrumb"},"inLanguage":"en-US","potentialAction":[{"@type":"ReadAction","target":["https:\/\/shop.fincavrij.nl\/selfica\/draagbaar\/"]}]},{"@type":"BreadcrumbList","@id":"https:\/\/shop.fincavrij.nl\/selfica\/draagbaar\/#breadcrumb","itemListElement":[{"@type":"ListItem","position":1,"name":"Home","item":"https:\/\/shop.fincavrij.nl\/"},{"@type":"ListItem","position":2,"name":"Selfica","item":"https:\/\/shop.fincavrij.nl\/selfica\/"},{"@type":"ListItem","position":3,"name":"Selficas &#8211; draagbaar"}]},{"@type":"WebSite","@id":"https:\/\/shop.fincavrij.nl\/#website","url":"https:\/\/shop.fincavrij.nl\/","name":"Fincavrij Shop","description":"kleding, retreats, en overige producten","potentialAction":[{"@type":"SearchAction","target":{"@type":"EntryPoint","urlTemplate":"https:\/\/shop.fincavrij.nl\/?s={search_term_string}"},"query-input":"required name=search_term_string"}],"inLanguage":"en-US"}]}},"_links":{"self":[{"href":"https:\/\/shop.fincavrij.nl\/en\/wp-json\/wp\/v2\/pages\/685","targetHints":{"allow":["GET"]}}],"collection":[{"href":"https:\/\/shop.fincavrij.nl\/en\/wp-json\/wp\/v2\/pages"}],"about":[{"href":"https:\/\/shop.fincavrij.nl\/en\/wp-json\/wp\/v2\/types\/page"}],"author":[{"embeddable":true,"href":"https:\/\/shop.fincavrij.nl\/en\/wp-json\/wp\/v2\/users\/3"}],"replies":[{"embeddable":true,"href":"https:\/\/shop.fincavrij.nl\/en\/wp-json\/wp\/v2\/comments?post=685"}],"version-history":[{"count":46,"href":"https:\/\/shop.fincavrij.nl\/en\/wp-json\/wp\/v2\/pages\/685\/revisions"}],"predecessor-version":[{"id":1263,"href":"https:\/\/shop.fincavrij.nl\/en\/wp-json\/wp\/v2\/pages\/685\/revisions\/1263"}],"up":[{"embeddable":true,"href":"https:\/\/shop.fincavrij.nl\/en\/wp-json\/wp\/v2\/pages\/549"}],"wp:attachment":[{"href":"https:\/\/shop.fincavrij.nl\/en\/wp-json\/wp\/v2\/media?parent=685"}],"curies":[{"name":"wp","href":"https:\/\/api.w.org\/{rel}","templated":true}]}}